{"id":15570,"date":"2015-04-10T14:04:39","date_gmt":"2015-04-10T12:04:39","guid":{"rendered":"https:\/\/www.all-in-finance.com\/home\/"},"modified":"2024-01-16T11:27:50","modified_gmt":"2024-01-16T10:27:50","slug":"nos-services","status":"publish","type":"page","link":"https:\/\/www.all-in-finance.com\/fr\/","title":{"rendered":"Home"},"content":{"rendered":"<h2>Nos services<\/h2>\n<p><span class=\"brown\">Si vous accordez de l\u2019importance \u00e0 des concepts cl\u00e9s comme :\u2026<\/span>&nbsp;Ind\u00e9pendance \u2013 Comp\u00e9tence \u2013 Discr\u00e9tion \u2013 Confidentialit\u00e9 \u2013 Personnalisation \u2013 Confiance \u2013 Exp\u00e9rience&nbsp;<span class=\"brown\">\u2026alors vous \u00eates au bon endroit!<\/span><\/p>\n<div class=\"col-xs-12 col-md-5 text-center infobox\" style=\"border: 2px solid #c59a6d;\"><a href=\"https:\/\/www.all-in-finance.com\/wp-content\/uploads\/2015\/04\/cross-icon.jpg\"><img loading=\"lazy\" decoding=\"async\" class=\"alignnone size-full wp-image-15509\" src=\"https:\/\/www.all-in-finance.com\/wp-content\/uploads\/2015\/04\/cross-icon.jpg\" alt=\"\" width=\"65\" height=\"65\" onclick=\"return false\"><\/a><\/p>\n<h3>Vous \u00eates clients priv\u00e9s<\/h3>\n<hr>\n<p>Nous vous offrons une gestion de patrimoine personnalis\u00e9e, taill\u00e9e sur mesure, en fonction de vos souhaits et de vos besoins. <a class=\"info-button\" title=\"Info\" href=\"\/fr\/privatkunden\/\">Plus d&rsquo;informations<\/a><\/p>\n<\/div>\n<div class=\"col-xs-12 col-md-5 text-center col-md-offset-2 infobox\" style=\"border: 2px solid #c59a6d;\"><a href=\"https:\/\/www.all-in-finance.com\/wp-content\/uploads\/2015\/04\/wheel-icon.jpg\"><img loading=\"lazy\" decoding=\"async\" class=\"alignnone size-full wp-image-15511\" src=\"https:\/\/www.all-in-finance.com\/wp-content\/uploads\/2015\/04\/wheel-icon.jpg\" alt=\"\" width=\"65\" height=\"65\" onclick=\"return false\"><\/a><\/p>\n<h3>Vous \u00eates g\u00e9rants de fortune<\/h3>\n<hr>\n<p>Nous vous proposons des services qui vous permettent de continuer \u00e0 accompagner vos clients sans vous soucier des t\u00e2ches administratives. <a class=\"info-button\" title=\"Info\" href=\"\/fr\/vermoegensverwalter\/\">Plus d&rsquo;informations<\/a><\/p>\n<\/div>\n","protected":false},"excerpt":{"rendered":"<p>Nos services Si vous accordez de l\u2019importance \u00e0 des concepts cl\u00e9s comme :\u2026&nbsp;Ind\u00e9pendance \u2013 Comp\u00e9tence \u2013 Discr\u00e9tion \u2013 Confidentialit\u00e9 \u2013 Personnalisation \u2013 Confiance \u2013 Exp\u00e9rience&nbsp;\u2026alors vous \u00eates au bon endroit! Vous \u00eates clients priv\u00e9s Nous vous offrons une gestion de patrimoine personnalis\u00e9e, taill\u00e9e sur mesure, en fonction de vos souhaits et de vos besoins. Plus&#8230;<\/p>\n<p><a class=\"excerpt-read-more btn btn-primary\" href=\"https:\/\/www.all-in-finance.com\/fr\/\" title=\"ReadHome\">Read More<\/a><\/p>\n","protected":false},"author":3,"featured_media":0,"parent":0,"menu_order":0,"comment_status":"open","ping_status":"open","template":"","meta":{"_acf_changed":false,"footnotes":""},"class_list":["post-15570","page","type-page","status-publish","hentry"],"acf":[],"yoast_head":"<!-- This site is optimized with the Yoast SEO plugin v24.7 - https:\/\/yoast.com\/wordpress\/plugins\/seo\/ -->\n<title>Home - All-In Finanz AG<\/title>\n<meta name=\"description\" content=\"Si vous accordez de l\u2019importance \u00e0 des concepts cl\u00e9s comme :\u2026\u00a0Ind\u00e9pendance \u2013 Comp\u00e9tence \u2013 Discr\u00e9tion\u2026alors vous \u00eates au bon endroit!\" \/>\n<meta name=\"robots\" content=\"index, follow, max-snippet:-1, max-image-preview:large, max-video-preview:-1\" \/>\n<link rel=\"canonical\" href=\"https:\/\/www.all-in-finance.com\/fr\/\" \/>\n<meta property=\"og:locale\" content=\"fr_FR\" \/>\n<meta property=\"og:type\" content=\"article\" \/>\n<meta property=\"og:title\" content=\"Home - All-In Finanz AG\" \/>\n<meta property=\"og:description\" content=\"Si vous accordez de l\u2019importance \u00e0 des concepts cl\u00e9s comme :\u2026\u00a0Ind\u00e9pendance \u2013 Comp\u00e9tence \u2013 Discr\u00e9tion\u2026alors vous \u00eates au bon endroit!\" \/>\n<meta property=\"og:url\" content=\"https:\/\/www.all-in-finance.com\/fr\/\" \/>\n<meta property=\"og:site_name\" content=\"All-In Finanz AG\" \/>\n<meta property=\"article:modified_time\" content=\"2024-01-16T10:27:50+00:00\" \/>\n<meta property=\"og:image\" content=\"https:\/\/www.all-in-finance.com\/wp-content\/uploads\/2015\/04\/cross-icon.jpg\" \/>\n<meta name=\"twitter:card\" content=\"summary_large_image\" \/>\n<meta name=\"twitter:label1\" content=\"Dur\u00e9e de lecture estim\u00e9e\" \/>\n\t<meta name=\"twitter:data1\" content=\"1 minute\" \/>\n<script type=\"application\/ld+json\" class=\"yoast-schema-graph\">{\"@context\":\"https:\/\/schema.org\",\"@graph\":[{\"@type\":\"WebPage\",\"@id\":\"https:\/\/www.all-in-finance.com\/fr\/\",\"url\":\"https:\/\/www.all-in-finance.com\/fr\/\",\"name\":\"Home - All-In Finanz AG\",\"isPartOf\":{\"@id\":\"https:\/\/www.all-in-finance.com\/#website\"},\"primaryImageOfPage\":{\"@id\":\"https:\/\/www.all-in-finance.com\/fr\/#primaryimage\"},\"image\":{\"@id\":\"https:\/\/www.all-in-finance.com\/fr\/#primaryimage\"},\"thumbnailUrl\":\"https:\/\/www.all-in-finance.com\/wp-content\/uploads\/2015\/04\/cross-icon.jpg\",\"datePublished\":\"2015-04-10T12:04:39+00:00\",\"dateModified\":\"2024-01-16T10:27:50+00:00\",\"description\":\"Si vous accordez de l\u2019importance \u00e0 des concepts cl\u00e9s comme :\u2026\u00a0Ind\u00e9pendance \u2013 Comp\u00e9tence \u2013 Discr\u00e9tion\u2026alors vous \u00eates au bon endroit!\",\"breadcrumb\":{\"@id\":\"https:\/\/www.all-in-finance.com\/fr\/#breadcrumb\"},\"inLanguage\":\"fr-FR\",\"potentialAction\":[{\"@type\":\"ReadAction\",\"target\":[\"https:\/\/www.all-in-finance.com\/fr\/\"]}]},{\"@type\":\"ImageObject\",\"inLanguage\":\"fr-FR\",\"@id\":\"https:\/\/www.all-in-finance.com\/fr\/#primaryimage\",\"url\":\"https:\/\/www.all-in-finance.com\/wp-content\/uploads\/2015\/04\/cross-icon.jpg\",\"contentUrl\":\"https:\/\/www.all-in-finance.com\/wp-content\/uploads\/2015\/04\/cross-icon.jpg\"},{\"@type\":\"BreadcrumbList\",\"@id\":\"https:\/\/www.all-in-finance.com\/fr\/#breadcrumb\",\"itemListElement\":[{\"@type\":\"ListItem\",\"position\":1,\"name\":\"Startseite\",\"item\":\"https:\/\/www.all-in-finance.com\/fr\/\"},{\"@type\":\"ListItem\",\"position\":2,\"name\":\"Home\"}]},{\"@type\":\"WebSite\",\"@id\":\"https:\/\/www.all-in-finance.com\/#website\",\"url\":\"https:\/\/www.all-in-finance.com\/\",\"name\":\"All-In Finanz AG\",\"description\":\"[:en]Eine weitere WordPress-Seite[:fr]Eine weitere WordPress-Seite[:]\",\"potentialAction\":[{\"@type\":\"SearchAction\",\"target\":{\"@type\":\"EntryPoint\",\"urlTemplate\":\"https:\/\/www.all-in-finance.com\/?s={search_term_string}\"},\"query-input\":{\"@type\":\"PropertyValueSpecification\",\"valueRequired\":true,\"valueName\":\"search_term_string\"}}],\"inLanguage\":\"fr-FR\"}]}<\/script>\n<!-- \/ Yoast SEO plugin. -->","yoast_head_json":{"title":"Home - All-In Finanz AG","description":"Si vous accordez de l\u2019importance \u00e0 des concepts cl\u00e9s comme :\u2026\u00a0Ind\u00e9pendance \u2013 Comp\u00e9tence \u2013 Discr\u00e9tion\u2026alors vous \u00eates au bon endroit!","robots":{"index":"index","follow":"follow","max-snippet":"max-snippet:-1","max-image-preview":"max-image-preview:large","max-video-preview":"max-video-preview:-1"},"canonical":"https:\/\/www.all-in-finance.com\/fr\/","og_locale":"fr_FR","og_type":"article","og_title":"Home - All-In Finanz AG","og_description":"Si vous accordez de l\u2019importance \u00e0 des concepts cl\u00e9s comme :\u2026\u00a0Ind\u00e9pendance \u2013 Comp\u00e9tence \u2013 Discr\u00e9tion\u2026alors vous \u00eates au bon endroit!","og_url":"https:\/\/www.all-in-finance.com\/fr\/","og_site_name":"All-In Finanz AG","article_modified_time":"2024-01-16T10:27:50+00:00","og_image":[{"url":"https:\/\/www.all-in-finance.com\/wp-content\/uploads\/2015\/04\/cross-icon.jpg","type":"","width":"","height":""}],"twitter_card":"summary_large_image","twitter_misc":{"Dur\u00e9e de lecture estim\u00e9e":"1 minute"},"schema":{"@context":"https:\/\/schema.org","@graph":[{"@type":"WebPage","@id":"https:\/\/www.all-in-finance.com\/fr\/","url":"https:\/\/www.all-in-finance.com\/fr\/","name":"Home - All-In Finanz AG","isPartOf":{"@id":"https:\/\/www.all-in-finance.com\/#website"},"primaryImageOfPage":{"@id":"https:\/\/www.all-in-finance.com\/fr\/#primaryimage"},"image":{"@id":"https:\/\/www.all-in-finance.com\/fr\/#primaryimage"},"thumbnailUrl":"https:\/\/www.all-in-finance.com\/wp-content\/uploads\/2015\/04\/cross-icon.jpg","datePublished":"2015-04-10T12:04:39+00:00","dateModified":"2024-01-16T10:27:50+00:00","description":"Si vous accordez de l\u2019importance \u00e0 des concepts cl\u00e9s comme :\u2026\u00a0Ind\u00e9pendance \u2013 Comp\u00e9tence \u2013 Discr\u00e9tion\u2026alors vous \u00eates au bon endroit!","breadcrumb":{"@id":"https:\/\/www.all-in-finance.com\/fr\/#breadcrumb"},"inLanguage":"fr-FR","potentialAction":[{"@type":"ReadAction","target":["https:\/\/www.all-in-finance.com\/fr\/"]}]},{"@type":"ImageObject","inLanguage":"fr-FR","@id":"https:\/\/www.all-in-finance.com\/fr\/#primaryimage","url":"https:\/\/www.all-in-finance.com\/wp-content\/uploads\/2015\/04\/cross-icon.jpg","contentUrl":"https:\/\/www.all-in-finance.com\/wp-content\/uploads\/2015\/04\/cross-icon.jpg"},{"@type":"BreadcrumbList","@id":"https:\/\/www.all-in-finance.com\/fr\/#breadcrumb","itemListElement":[{"@type":"ListItem","position":1,"name":"Startseite","item":"https:\/\/www.all-in-finance.com\/fr\/"},{"@type":"ListItem","position":2,"name":"Home"}]},{"@type":"WebSite","@id":"https:\/\/www.all-in-finance.com\/#website","url":"https:\/\/www.all-in-finance.com\/","name":"All-In Finanz AG","description":"[:en]Eine weitere WordPress-Seite[:fr]Eine weitere WordPress-Seite[:]","potentialAction":[{"@type":"SearchAction","target":{"@type":"EntryPoint","urlTemplate":"https:\/\/www.all-in-finance.com\/?s={search_term_string}"},"query-input":{"@type":"PropertyValueSpecification","valueRequired":true,"valueName":"search_term_string"}}],"inLanguage":"fr-FR"}]}},"_links":{"self":[{"href":"https:\/\/www.all-in-finance.com\/fr\/wp-json\/wp\/v2\/pages\/15570","targetHints":{"allow":["GET"]}}],"collection":[{"href":"https:\/\/www.all-in-finance.com\/fr\/wp-json\/wp\/v2\/pages"}],"about":[{"href":"https:\/\/www.all-in-finance.com\/fr\/wp-json\/wp\/v2\/types\/page"}],"author":[{"embeddable":true,"href":"https:\/\/www.all-in-finance.com\/fr\/wp-json\/wp\/v2\/users\/3"}],"replies":[{"embeddable":true,"href":"https:\/\/www.all-in-finance.com\/fr\/wp-json\/wp\/v2\/comments?post=15570"}],"version-history":[{"count":18,"href":"https:\/\/www.all-in-finance.com\/fr\/wp-json\/wp\/v2\/pages\/15570\/revisions"}],"predecessor-version":[{"id":20929,"href":"https:\/\/www.all-in-finance.com\/fr\/wp-json\/wp\/v2\/pages\/15570\/revisions\/20929"}],"wp:attachment":[{"href":"https:\/\/www.all-in-finance.com\/fr\/wp-json\/wp\/v2\/media?parent=15570"}],"curies":[{"name":"wp","href":"https:\/\/api.w.org\/{rel}","templated":true}]}}