{"id":15627,"date":"2015-04-07T14:19:11","date_gmt":"2015-04-07T12:19:11","guid":{"rendered":"https:\/\/www.all-in-finance.com\/deutsch-dienstleistung\/"},"modified":"2022-04-29T10:13:42","modified_gmt":"2022-04-29T08:13:42","slug":"nos-prestations","status":"publish","type":"page","link":"https:\/\/www.all-in-finance.com\/fr\/nos-prestations\/","title":{"rendered":"Nos prestations"},"content":{"rendered":"<div class=\"col-xs-12 col-md-5 text-center infobox\" style=\"border: 2px solid #c59a6d;\"><a href=\"https:\/\/www.all-in-finance.com\/wp-content\/uploads\/2015\/04\/cross-icon.jpg\"><img loading=\"lazy\" decoding=\"async\" class=\"alignnone size-full wp-image-15509\" src=\"https:\/\/www.all-in-finance.com\/wp-content\/uploads\/2015\/04\/cross-icon.jpg\" alt=\"\" width=\"65\" height=\"65\" onclick=\"return false\"><\/a><\/p>\n<h3><\/h3>\n<h3>Vous \u00eates clients priv\u00e9s<\/h3>\n<hr>\n<p>Nous vous offrons une gestion de patrimoine personnalis\u00e9e, taill\u00e9e sur mesure, en fonction de vos souhaits et de vos besoins. <a class=\"info-button\" title=\"Info\" href=\"https:\/\/www.all-in-finance.com\/fr\/clients-prives\/\">Plus d&rsquo;informations<\/a><\/p>\n<\/div>\n<div class=\"col-xs-12 col-md-5 text-center col-md-offset-2 infobox\" style=\"border: 2px solid #c59a6d;\"><a href=\"https:\/\/www.all-in-finance.com\/wp-content\/uploads\/2015\/04\/wheel-icon.jpg\"><img loading=\"lazy\" decoding=\"async\" class=\"alignnone size-full wp-image-15511\" src=\"https:\/\/www.all-in-finance.com\/wp-content\/uploads\/2015\/04\/wheel-icon.jpg\" alt=\"\" width=\"65\" height=\"65\" onclick=\"return false\"><\/a><\/p>\n<h3>Vous \u00eates g\u00e9rants de fortune<\/h3>\n<hr>\n<p>Nous vous proposons des services qui vous permettent de continuer \u00e0 accompagner vos clients sans vous soucier des t\u00e2ches administratives. <a class=\"info-button\" title=\"Info\" href=\"https:\/\/www.all-in-finance.com\/fr\/gerants-de-fortune\/\">Plus d&rsquo;informations<\/a><\/p>\n<\/div>\n","protected":false},"excerpt":{"rendered":"<p>Vous \u00eates clients priv\u00e9s Nous vous offrons une gestion de patrimoine personnalis\u00e9e, taill\u00e9e sur mesure, en fonction de vos souhaits et de vos besoins. Plus d&rsquo;informations Vous \u00eates g\u00e9rants de fortune Nous vous proposons des services qui vous permettent de continuer \u00e0 accompagner vos clients sans vous soucier des t\u00e2ches administratives. Plus d&rsquo;informations<\/p>\n","protected":false},"author":3,"featured_media":0,"parent":0,"menu_order":0,"comment_status":"open","ping_status":"open","template":"","meta":{"_acf_changed":false,"footnotes":""},"class_list":["post-15627","page","type-page","status-publish","hentry"],"acf":[],"yoast_head":"<!-- This site is optimized with the Yoast SEO plugin v24.7 - https:\/\/yoast.com\/wordpress\/plugins\/seo\/ -->\n<title>Nos prestations - All-In Finanz AG<\/title>\n<meta name=\"description\" content=\"Si vous accordez de l\u2019importance \u00e0 des concepts cl\u00e9s comme: Ind\u00e9pendance \u2013 Comp\u00e9tence \u2013 Discr\u00e9tion...alors vous \u00eates au bon endroit !\" \/>\n<meta name=\"robots\" content=\"index, follow, max-snippet:-1, max-image-preview:large, max-video-preview:-1\" \/>\n<link rel=\"canonical\" href=\"https:\/\/www.all-in-finance.com\/fr\/nos-prestations\/\" \/>\n<meta property=\"og:locale\" content=\"fr_FR\" \/>\n<meta property=\"og:type\" content=\"article\" \/>\n<meta property=\"og:title\" content=\"Nos prestations - All-In Finanz AG\" \/>\n<meta property=\"og:description\" content=\"Si vous accordez de l\u2019importance \u00e0 des concepts cl\u00e9s comme: Ind\u00e9pendance \u2013 Comp\u00e9tence \u2013 Discr\u00e9tion...alors vous \u00eates au bon endroit !\" \/>\n<meta property=\"og:url\" content=\"https:\/\/www.all-in-finance.com\/fr\/nos-prestations\/\" \/>\n<meta property=\"og:site_name\" content=\"All-In Finanz AG\" \/>\n<meta property=\"article:modified_time\" content=\"2022-04-29T08:13:42+00:00\" \/>\n<meta property=\"og:image\" content=\"https:\/\/www.all-in-finance.com\/wp-content\/uploads\/2015\/04\/cross-icon.jpg\" \/>\n<meta name=\"twitter:card\" content=\"summary_large_image\" \/>\n<meta name=\"twitter:label1\" content=\"Dur\u00e9e de lecture estim\u00e9e\" \/>\n\t<meta name=\"twitter:data1\" content=\"1 minute\" \/>\n<script type=\"application\/ld+json\" class=\"yoast-schema-graph\">{\"@context\":\"https:\/\/schema.org\",\"@graph\":[{\"@type\":\"WebPage\",\"@id\":\"https:\/\/www.all-in-finance.com\/fr\/nos-prestations\/\",\"url\":\"https:\/\/www.all-in-finance.com\/fr\/nos-prestations\/\",\"name\":\"Nos prestations - All-In Finanz AG\",\"isPartOf\":{\"@id\":\"https:\/\/www.all-in-finance.com\/#website\"},\"primaryImageOfPage\":{\"@id\":\"https:\/\/www.all-in-finance.com\/fr\/nos-prestations\/#primaryimage\"},\"image\":{\"@id\":\"https:\/\/www.all-in-finance.com\/fr\/nos-prestations\/#primaryimage\"},\"thumbnailUrl\":\"https:\/\/www.all-in-finance.com\/wp-content\/uploads\/2015\/04\/cross-icon.jpg\",\"datePublished\":\"2015-04-07T12:19:11+00:00\",\"dateModified\":\"2022-04-29T08:13:42+00:00\",\"description\":\"Si vous accordez de l\u2019importance \u00e0 des concepts cl\u00e9s comme: Ind\u00e9pendance \u2013 Comp\u00e9tence \u2013 Discr\u00e9tion...alors vous \u00eates au bon endroit !\",\"breadcrumb\":{\"@id\":\"https:\/\/www.all-in-finance.com\/fr\/nos-prestations\/#breadcrumb\"},\"inLanguage\":\"fr-FR\",\"potentialAction\":[{\"@type\":\"ReadAction\",\"target\":[\"https:\/\/www.all-in-finance.com\/fr\/nos-prestations\/\"]}]},{\"@type\":\"ImageObject\",\"inLanguage\":\"fr-FR\",\"@id\":\"https:\/\/www.all-in-finance.com\/fr\/nos-prestations\/#primaryimage\",\"url\":\"https:\/\/www.all-in-finance.com\/wp-content\/uploads\/2015\/04\/cross-icon.jpg\",\"contentUrl\":\"https:\/\/www.all-in-finance.com\/wp-content\/uploads\/2015\/04\/cross-icon.jpg\"},{\"@type\":\"BreadcrumbList\",\"@id\":\"https:\/\/www.all-in-finance.com\/fr\/nos-prestations\/#breadcrumb\",\"itemListElement\":[{\"@type\":\"ListItem\",\"position\":1,\"name\":\"Startseite\",\"item\":\"https:\/\/www.all-in-finance.com\/fr\/\"},{\"@type\":\"ListItem\",\"position\":2,\"name\":\"Nos prestations\"}]},{\"@type\":\"WebSite\",\"@id\":\"https:\/\/www.all-in-finance.com\/#website\",\"url\":\"https:\/\/www.all-in-finance.com\/\",\"name\":\"All-In Finanz AG\",\"description\":\"[:en]Eine weitere WordPress-Seite[:fr]Eine weitere WordPress-Seite[:]\",\"potentialAction\":[{\"@type\":\"SearchAction\",\"target\":{\"@type\":\"EntryPoint\",\"urlTemplate\":\"https:\/\/www.all-in-finance.com\/?s={search_term_string}\"},\"query-input\":{\"@type\":\"PropertyValueSpecification\",\"valueRequired\":true,\"valueName\":\"search_term_string\"}}],\"inLanguage\":\"fr-FR\"}]}<\/script>\n<!-- \/ Yoast SEO plugin. -->","yoast_head_json":{"title":"Nos prestations - All-In Finanz AG","description":"Si vous accordez de l\u2019importance \u00e0 des concepts cl\u00e9s comme: Ind\u00e9pendance \u2013 Comp\u00e9tence \u2013 Discr\u00e9tion...alors vous \u00eates au bon endroit !","robots":{"index":"index","follow":"follow","max-snippet":"max-snippet:-1","max-image-preview":"max-image-preview:large","max-video-preview":"max-video-preview:-1"},"canonical":"https:\/\/www.all-in-finance.com\/fr\/nos-prestations\/","og_locale":"fr_FR","og_type":"article","og_title":"Nos prestations - All-In Finanz AG","og_description":"Si vous accordez de l\u2019importance \u00e0 des concepts cl\u00e9s comme: Ind\u00e9pendance \u2013 Comp\u00e9tence \u2013 Discr\u00e9tion...alors vous \u00eates au bon endroit !","og_url":"https:\/\/www.all-in-finance.com\/fr\/nos-prestations\/","og_site_name":"All-In Finanz AG","article_modified_time":"2022-04-29T08:13:42+00:00","og_image":[{"url":"https:\/\/www.all-in-finance.com\/wp-content\/uploads\/2015\/04\/cross-icon.jpg","type":"","width":"","height":""}],"twitter_card":"summary_large_image","twitter_misc":{"Dur\u00e9e de lecture estim\u00e9e":"1 minute"},"schema":{"@context":"https:\/\/schema.org","@graph":[{"@type":"WebPage","@id":"https:\/\/www.all-in-finance.com\/fr\/nos-prestations\/","url":"https:\/\/www.all-in-finance.com\/fr\/nos-prestations\/","name":"Nos prestations - All-In Finanz AG","isPartOf":{"@id":"https:\/\/www.all-in-finance.com\/#website"},"primaryImageOfPage":{"@id":"https:\/\/www.all-in-finance.com\/fr\/nos-prestations\/#primaryimage"},"image":{"@id":"https:\/\/www.all-in-finance.com\/fr\/nos-prestations\/#primaryimage"},"thumbnailUrl":"https:\/\/www.all-in-finance.com\/wp-content\/uploads\/2015\/04\/cross-icon.jpg","datePublished":"2015-04-07T12:19:11+00:00","dateModified":"2022-04-29T08:13:42+00:00","description":"Si vous accordez de l\u2019importance \u00e0 des concepts cl\u00e9s comme: Ind\u00e9pendance \u2013 Comp\u00e9tence \u2013 Discr\u00e9tion...alors vous \u00eates au bon endroit !","breadcrumb":{"@id":"https:\/\/www.all-in-finance.com\/fr\/nos-prestations\/#breadcrumb"},"inLanguage":"fr-FR","potentialAction":[{"@type":"ReadAction","target":["https:\/\/www.all-in-finance.com\/fr\/nos-prestations\/"]}]},{"@type":"ImageObject","inLanguage":"fr-FR","@id":"https:\/\/www.all-in-finance.com\/fr\/nos-prestations\/#primaryimage","url":"https:\/\/www.all-in-finance.com\/wp-content\/uploads\/2015\/04\/cross-icon.jpg","contentUrl":"https:\/\/www.all-in-finance.com\/wp-content\/uploads\/2015\/04\/cross-icon.jpg"},{"@type":"BreadcrumbList","@id":"https:\/\/www.all-in-finance.com\/fr\/nos-prestations\/#breadcrumb","itemListElement":[{"@type":"ListItem","position":1,"name":"Startseite","item":"https:\/\/www.all-in-finance.com\/fr\/"},{"@type":"ListItem","position":2,"name":"Nos prestations"}]},{"@type":"WebSite","@id":"https:\/\/www.all-in-finance.com\/#website","url":"https:\/\/www.all-in-finance.com\/","name":"All-In Finanz AG","description":"[:en]Eine weitere WordPress-Seite[:fr]Eine weitere WordPress-Seite[:]","potentialAction":[{"@type":"SearchAction","target":{"@type":"EntryPoint","urlTemplate":"https:\/\/www.all-in-finance.com\/?s={search_term_string}"},"query-input":{"@type":"PropertyValueSpecification","valueRequired":true,"valueName":"search_term_string"}}],"inLanguage":"fr-FR"}]}},"_links":{"self":[{"href":"https:\/\/www.all-in-finance.com\/fr\/wp-json\/wp\/v2\/pages\/15627","targetHints":{"allow":["GET"]}}],"collection":[{"href":"https:\/\/www.all-in-finance.com\/fr\/wp-json\/wp\/v2\/pages"}],"about":[{"href":"https:\/\/www.all-in-finance.com\/fr\/wp-json\/wp\/v2\/types\/page"}],"author":[{"embeddable":true,"href":"https:\/\/www.all-in-finance.com\/fr\/wp-json\/wp\/v2\/users\/3"}],"replies":[{"embeddable":true,"href":"https:\/\/www.all-in-finance.com\/fr\/wp-json\/wp\/v2\/comments?post=15627"}],"version-history":[{"count":8,"href":"https:\/\/www.all-in-finance.com\/fr\/wp-json\/wp\/v2\/pages\/15627\/revisions"}],"predecessor-version":[{"id":16984,"href":"https:\/\/www.all-in-finance.com\/fr\/wp-json\/wp\/v2\/pages\/15627\/revisions\/16984"}],"wp:attachment":[{"href":"https:\/\/www.all-in-finance.com\/fr\/wp-json\/wp\/v2\/media?parent=15627"}],"curies":[{"name":"wp","href":"https:\/\/api.w.org\/{rel}","templated":true}]}}