{"id":15630,"date":"2015-04-23T13:07:12","date_gmt":"2015-04-23T11:07:12","guid":{"rendered":"https:\/\/www.all-in-finance.com\/disclaim\/"},"modified":"2023-08-29T08:43:59","modified_gmt":"2023-08-29T06:43:59","slug":"disclaimer","status":"publish","type":"page","link":"https:\/\/www.all-in-finance.com\/fr\/disclaimer\/","title":{"rendered":"Disclaimer"},"content":{"rendered":"\n<div style=\"height:100px\" aria-hidden=\"true\" class=\"wp-block-spacer\"><\/div>\n\n\n<h2>Disclaimer<\/h2>\n<h3>Contenu des informations en ligne<\/h3>\n<p>All-In Finance SA d\u00e9cline toute garantie relativement \u00e0 l\u2019actualit\u00e9, \u00e0 l\u2019exactitude, \u00e0 l\u2019int\u00e9gralit\u00e9 ou \u00e0 la qualit\u00e9 des informations fournies, lesquelles sont exclusivement destin\u00e9es \u00e0 l\u2019usage personnel. All-In Finance SA ne r\u00e9pond pas des dommages directs ou indirects, y compris le manque \u00e0 gagner, survenant en raison d\u2019informations fournies sur le site Internet d\u2019All-In Finance SA ou en rapport direct ou indirect avec l\u2019utilisation du site Internet d\u2019All-In Finance SA et les contenus qu\u2019il comporte ou avec les risques des march\u00e9s financiers. La responsabilit\u00e9 pour l\u00e9g\u00e8re n\u00e9gligence se limite au dommage pr\u00e9visible et est exclue en ce qui concerne les dommages cons\u00e9cutifs ou le manque \u00e0 gagner. All-In Finance SA se r\u00e9serve express\u00e9ment le droit de modifier des parties des sites ou l\u2019ensemble de l\u2019offre sans avis s\u00e9par\u00e9, de les compl\u00e9ter, de les effacer ou de suspendre temporairement ou d\u00e9finitivement la publication.<\/p>\n<h3>Pas d\u2019offre ou de conseil<\/h3>\n<p>Les informations publi\u00e9es sur le site Internet d\u2019All-In Finance SA ne constituent ni une recommandation, ni une offre ou une invitation \u00e0 acheter ou vendre des instruments de placement, \u00e0 ex\u00e9cuter des transactions ou \u00e0 conclure un quelconque acte juridique. Aucune d\u00e9cision de placement ou autre ne doit \u00eatre prise sur la seule base des indications figurant sur ce site Internet. Le conseil d\u2019un sp\u00e9cialiste qualifi\u00e9 est recommand\u00e9 \u00e0 tout moment. La performance future des instruments de placement et produits financiers ne peut \u00eatre d\u00e9duite de donn\u00e9es historiques. All-In Finance SA ne garantit ni l\u2019appr\u00e9ciation ni le maintien de la valeur du capital investi.<\/p>\n<h3>Pas de passation de commande via le site Internet<\/h3>\n<p>Les champs de saisie figurant sur le site Internet ne doivent pas \u00eatre utilis\u00e9s pour la passation de commandes \u00e0 All-In Finance SA. Les commandes pass\u00e9es de telle fa\u00e7on ne sont pas ex\u00e9cut\u00e9es par All-In Finance SA et aucun contrat n\u2019est conclu avec All-In Finance SA.<\/p>\n<h3>Renvois et liens<\/h3>\n<p>L\u2019utilisation d\u2019un lien est susceptible de vous faire quitter le site Internet d\u2019All-In Finance SA pour acc\u00e9der aux sites Internet d\u2019autres promoteurs et \u00e0 leur contenu. All-In Finance SA n\u2019a aucun contr\u00f4le quant au contenu de ces sites Web tiers et n\u2019assume aucune responsabilit\u00e9 quant \u00e0 leur exactitude, pr\u00e9cision, exhaustivit\u00e9, v\u00e9rit\u00e9, actualit\u00e9 ou ad\u00e9quation \u00e0 des fins d\u00e9termin\u00e9es. Toute responsabilit\u00e9 d\u2019All-In Finance SA est exclue, en particulier pour les dommages directs ou indirects ou les cons\u00e9quences li\u00e9es \u00e0 l\u2019utilisation des contenus des sites web tiers.<\/p>\n<h3>Droit d\u2019auteur et des signes distinctifs<\/h3>\n<p>L\u2019ensemble du contenu du site Internet d\u2019All-In Finance SA est prot\u00e9g\u00e9 par la l\u00e9gislation sur les droits d\u2019auteur. La reproduction (enti\u00e8re ou partielle), transmission (\u00e9lectronique ou par d\u2019autres moyens), modification, liaison ou utilisation du site Internet d\u2019All-In Finance SA \u00e0 des fins publiques ou commerciales sans l\u2019autorisation \u00e9crite pr\u00e9alable d\u2019All-In Finance SA est interdite.<\/p>\n<h3>Google reCAPTCHA<\/h3>\n<p>Sur notre site Internet, nous utilisons Google reCAPTCHA pour v\u00e9rifier et \u00e9viter les interactions sur notre site Internet dues \u00e0 des acc\u00e8s automatis\u00e9s, par exemple par des \u00ab\u00a0bots\u00a0\u00bb. Il s&rsquo;agit d&rsquo;un service de Google Ireland Limited, Gordon House, Barrow Street, Dublin 4, Irlande, ci-apr\u00e8s d\u00e9nomm\u00e9 \u00ab\u00a0Google\u00a0\u00bb. Gr\u00e2ce \u00e0 ce service, Google peut d\u00e9terminer depuis quel site web une demande est envoy\u00e9e ainsi que l&rsquo;adresse IP \u00e0 partir de laquelle vous utilisez la bo\u00eete de saisie reCAPTCHA. Outre votre adresse IP, Google peut \u00e9galement collecter d&rsquo;autres informations n\u00e9cessaires \u00e0 l&rsquo;offre et \u00e0 la garantie de ce service.<\/p>\n<p>Notre int\u00e9r\u00eat l\u00e9gitime r\u00e9side dans la s\u00e9curit\u00e9 de notre pr\u00e9sence sur Internet ainsi que dans la d\u00e9fense contre les acc\u00e8s non souhait\u00e9s et automatis\u00e9s sous forme de spam ou autres. Google propose de plus amples informations sur le traitement g\u00e9n\u00e9ral de vos donn\u00e9es d&rsquo;utilisateur \u00e0 l&rsquo;adresse https:\/\/policies.google.com\/privacy.<\/p>\n<h3>Google-Maps<\/h3>\n<p>Dans notre site Internet, nous utilisons Google Maps pour la repr\u00e9sentation de notre site ainsi que pour la cr\u00e9ation d&rsquo;un itin\u00e9raire. Il s&rsquo;agit d&rsquo;un service de Google Ireland Limited, Gordon House, Barrow Street, Dublin 4, Irlande, ci-apr\u00e8s d\u00e9nomm\u00e9 uniquement \u00ab\u00a0Google\u00a0\u00bb. Afin de permettre l&rsquo;affichage de certaines polices sur notre site Internet, une connexion est \u00e9tablie avec le serveur Google aux \u00c9tats-Unis lors de la consultation de notre site Internet. Dans la mesure o\u00f9 vous utilisez les fonctions de notre<\/p>\n<h3>Protection des donn\u00e9es<\/h3>\n<p>Des cookies peuvent \u00eatre ins\u00e9r\u00e9s sur le site Internet en vue d\u2019optimiser la performance et de d\u00e9terminer le nombre de fois o\u00f9 les pages sont appel\u00e9es. Un cookie est un fichier de texte court et sert \u00e0 l\u2019\u00e9change d\u2019informations entre des programmes informatiques. Ces cookies ne comportent pas de donn\u00e9es personnelles. La plupart des navigateurs sont param\u00e9tr\u00e9s de telle sorte qu\u2019ils acceptent automatiquement les cookies. Vous \u00eates toutefois libre de param\u00e9trer votre navigateur de telle sorte que les cookies soient g\u00e9n\u00e9ralement refus\u00e9s. Cependant, dans ce cas, vous ne pouvez \u00e9ventuellement pas utiliser la totalit\u00e9 des fonctions du site Internet.<\/p>\n<p>Ce site Internet utilise Google Analytics, service d\u2019analyse du Web de Google Inc. (\u00abGoogle\u00bb). Google Analytics utilise des cookies, qui sont des fichiers texte plac\u00e9s sur votre ordinateur, pour aider le site Internet \u00e0 analyser votre utilisation du site. Les informations g\u00e9n\u00e9r\u00e9es par le cookie concernant votre utilisation du pr\u00e9sent site (y compris votre adresse IP) sont transmises \u00e0 un serveur de Google aux Etats-Unis, sur lequel elles sont stock\u00e9es. Google utilisera ces informations dans le but d\u2019\u00e9valuer votre utilisation du site, de compiler des rapports sur les activit\u00e9s du site Internet \u00e0 destination d\u2019All-In Finance SA et de fournir d\u2019autres services li\u00e9s \u00e0 l\u2019utilisation du site Web et d\u2019Internet. Google est \u00e9galement susceptible de communiquer ces donn\u00e9es \u00e0 des tiers en cas d\u2019obligation l\u00e9gale ou lorsque des tiers traitent ces donn\u00e9es pour le compte de Google. Google ne recoupera pas votre adresse IP avec toute autre donn\u00e9e de Google. En utilisant ce site Internet, vous consentez express\u00e9ment au traitement des donn\u00e9es pr\u00e9lev\u00e9es par Google \u00e0 votre sujet dans les conditions et pour les finalit\u00e9s d\u00e9crites ci-dessus.<\/p>\n<h3>Validit\u00e9 juridique de l\u2019exclusion de responsabilit\u00e9<\/h3>\n<p>Cette exclusion de responsabilit\u00e9 doit \u00eatre consid\u00e9r\u00e9e comme partie int\u00e9grante de l\u2019offre Internet contenant le renvoi \u00e0 ce site. Si des parties ou certaines formulations du pr\u00e9sent texte ne correspondaient pas, plus ou pas enti\u00e8rement \u00e0 la situation juridique en vigueur, il n\u2019est pas d\u00e9rog\u00e9 de ce fait au contenu et la validit\u00e9 des autres parties du document.<\/p>","protected":false},"excerpt":{"rendered":"<p>Disclaimer Contenu des informations en ligne All-In Finance SA d\u00e9cline toute garantie relativement \u00e0 l\u2019actualit\u00e9, \u00e0 l\u2019exactitude, \u00e0 l\u2019int\u00e9gralit\u00e9 ou \u00e0 la qualit\u00e9 des informations fournies, lesquelles sont exclusivement destin\u00e9es \u00e0 l\u2019usage personnel. All-In Finance SA ne r\u00e9pond pas des dommages directs ou indirects, y compris le manque \u00e0 gagner, survenant en raison d\u2019informations fournies&#8230;<\/p>\n<p><a class=\"excerpt-read-more btn btn-primary\" href=\"https:\/\/www.all-in-finance.com\/fr\/disclaimer\/\" title=\"ReadDisclaimer\">Read More<\/a><\/p>\n","protected":false},"author":3,"featured_media":15503,"parent":0,"menu_order":0,"comment_status":"open","ping_status":"closed","template":"page-impdis.php","meta":{"_acf_changed":false,"footnotes":""},"class_list":["post-15630","page","type-page","status-publish","has-post-thumbnail","hentry"],"acf":[],"yoast_head":"<!-- This site is optimized with the Yoast SEO plugin v24.7 - https:\/\/yoast.com\/wordpress\/plugins\/seo\/ -->\n<title>Disclaimer - All-In Finanz AG<\/title>\n<meta name=\"description\" content=\"Le disclaimer de l&#039;All-in Finanz AG.\" \/>\n<meta name=\"robots\" content=\"index, follow, max-snippet:-1, max-image-preview:large, max-video-preview:-1\" \/>\n<link rel=\"canonical\" href=\"https:\/\/www.all-in-finance.com\/fr\/disclaimer\/\" \/>\n<meta property=\"og:locale\" content=\"fr_FR\" \/>\n<meta property=\"og:type\" content=\"article\" \/>\n<meta property=\"og:title\" content=\"Disclaimer - All-In Finanz AG\" \/>\n<meta property=\"og:description\" content=\"Le disclaimer de l&#039;All-in Finanz AG.\" \/>\n<meta property=\"og:url\" content=\"https:\/\/www.all-in-finance.com\/fr\/disclaimer\/\" \/>\n<meta property=\"og:site_name\" content=\"All-In Finanz AG\" \/>\n<meta property=\"article:modified_time\" content=\"2023-08-29T06:43:59+00:00\" \/>\n<meta property=\"og:image\" content=\"https:\/\/www.all-in-finance.com\/wp-content\/uploads\/2015\/04\/fullbanner.jpg\" \/>\n\t<meta property=\"og:image:width\" content=\"1600\" \/>\n\t<meta property=\"og:image:height\" content=\"441\" \/>\n\t<meta property=\"og:image:type\" content=\"image\/jpeg\" \/>\n<meta name=\"twitter:card\" content=\"summary_large_image\" \/>\n<meta name=\"twitter:label1\" content=\"Dur\u00e9e de lecture estim\u00e9e\" \/>\n\t<meta name=\"twitter:data1\" content=\"6 minutes\" \/>\n<script type=\"application\/ld+json\" class=\"yoast-schema-graph\">{\"@context\":\"https:\/\/schema.org\",\"@graph\":[{\"@type\":\"WebPage\",\"@id\":\"https:\/\/www.all-in-finance.com\/fr\/disclaimer\/\",\"url\":\"https:\/\/www.all-in-finance.com\/fr\/disclaimer\/\",\"name\":\"Disclaimer - All-In Finanz AG\",\"isPartOf\":{\"@id\":\"https:\/\/www.all-in-finance.com\/#website\"},\"primaryImageOfPage\":{\"@id\":\"https:\/\/www.all-in-finance.com\/fr\/disclaimer\/#primaryimage\"},\"image\":{\"@id\":\"https:\/\/www.all-in-finance.com\/fr\/disclaimer\/#primaryimage\"},\"thumbnailUrl\":\"https:\/\/www.all-in-finance.com\/wp-content\/uploads\/2015\/04\/fullbanner.jpg\",\"datePublished\":\"2015-04-23T11:07:12+00:00\",\"dateModified\":\"2023-08-29T06:43:59+00:00\",\"description\":\"Le disclaimer de l'All-in Finanz AG.\",\"breadcrumb\":{\"@id\":\"https:\/\/www.all-in-finance.com\/fr\/disclaimer\/#breadcrumb\"},\"inLanguage\":\"fr-FR\",\"potentialAction\":[{\"@type\":\"ReadAction\",\"target\":[\"https:\/\/www.all-in-finance.com\/fr\/disclaimer\/\"]}]},{\"@type\":\"ImageObject\",\"inLanguage\":\"fr-FR\",\"@id\":\"https:\/\/www.all-in-finance.com\/fr\/disclaimer\/#primaryimage\",\"url\":\"https:\/\/www.all-in-finance.com\/wp-content\/uploads\/2015\/04\/fullbanner.jpg\",\"contentUrl\":\"https:\/\/www.all-in-finance.com\/wp-content\/uploads\/2015\/04\/fullbanner.jpg\",\"width\":1600,\"height\":441,\"caption\":\"Logo All in Finance\"},{\"@type\":\"BreadcrumbList\",\"@id\":\"https:\/\/www.all-in-finance.com\/fr\/disclaimer\/#breadcrumb\",\"itemListElement\":[{\"@type\":\"ListItem\",\"position\":1,\"name\":\"Startseite\",\"item\":\"https:\/\/www.all-in-finance.com\/fr\/\"},{\"@type\":\"ListItem\",\"position\":2,\"name\":\"Disclaimer\"}]},{\"@type\":\"WebSite\",\"@id\":\"https:\/\/www.all-in-finance.com\/#website\",\"url\":\"https:\/\/www.all-in-finance.com\/\",\"name\":\"All-In Finanz AG\",\"description\":\"[:en]Eine weitere WordPress-Seite[:fr]Eine weitere WordPress-Seite[:]\",\"potentialAction\":[{\"@type\":\"SearchAction\",\"target\":{\"@type\":\"EntryPoint\",\"urlTemplate\":\"https:\/\/www.all-in-finance.com\/?s={search_term_string}\"},\"query-input\":{\"@type\":\"PropertyValueSpecification\",\"valueRequired\":true,\"valueName\":\"search_term_string\"}}],\"inLanguage\":\"fr-FR\"}]}<\/script>\n<!-- \/ Yoast SEO plugin. -->","yoast_head_json":{"title":"Disclaimer - All-In Finanz AG","description":"Le disclaimer de l'All-in Finanz AG.","robots":{"index":"index","follow":"follow","max-snippet":"max-snippet:-1","max-image-preview":"max-image-preview:large","max-video-preview":"max-video-preview:-1"},"canonical":"https:\/\/www.all-in-finance.com\/fr\/disclaimer\/","og_locale":"fr_FR","og_type":"article","og_title":"Disclaimer - All-In Finanz AG","og_description":"Le disclaimer de l'All-in Finanz AG.","og_url":"https:\/\/www.all-in-finance.com\/fr\/disclaimer\/","og_site_name":"All-In Finanz AG","article_modified_time":"2023-08-29T06:43:59+00:00","og_image":[{"width":1600,"height":441,"url":"https:\/\/www.all-in-finance.com\/wp-content\/uploads\/2015\/04\/fullbanner.jpg","type":"image\/jpeg"}],"twitter_card":"summary_large_image","twitter_misc":{"Dur\u00e9e de lecture estim\u00e9e":"6 minutes"},"schema":{"@context":"https:\/\/schema.org","@graph":[{"@type":"WebPage","@id":"https:\/\/www.all-in-finance.com\/fr\/disclaimer\/","url":"https:\/\/www.all-in-finance.com\/fr\/disclaimer\/","name":"Disclaimer - All-In Finanz AG","isPartOf":{"@id":"https:\/\/www.all-in-finance.com\/#website"},"primaryImageOfPage":{"@id":"https:\/\/www.all-in-finance.com\/fr\/disclaimer\/#primaryimage"},"image":{"@id":"https:\/\/www.all-in-finance.com\/fr\/disclaimer\/#primaryimage"},"thumbnailUrl":"https:\/\/www.all-in-finance.com\/wp-content\/uploads\/2015\/04\/fullbanner.jpg","datePublished":"2015-04-23T11:07:12+00:00","dateModified":"2023-08-29T06:43:59+00:00","description":"Le disclaimer de l'All-in Finanz AG.","breadcrumb":{"@id":"https:\/\/www.all-in-finance.com\/fr\/disclaimer\/#breadcrumb"},"inLanguage":"fr-FR","potentialAction":[{"@type":"ReadAction","target":["https:\/\/www.all-in-finance.com\/fr\/disclaimer\/"]}]},{"@type":"ImageObject","inLanguage":"fr-FR","@id":"https:\/\/www.all-in-finance.com\/fr\/disclaimer\/#primaryimage","url":"https:\/\/www.all-in-finance.com\/wp-content\/uploads\/2015\/04\/fullbanner.jpg","contentUrl":"https:\/\/www.all-in-finance.com\/wp-content\/uploads\/2015\/04\/fullbanner.jpg","width":1600,"height":441,"caption":"Logo All in Finance"},{"@type":"BreadcrumbList","@id":"https:\/\/www.all-in-finance.com\/fr\/disclaimer\/#breadcrumb","itemListElement":[{"@type":"ListItem","position":1,"name":"Startseite","item":"https:\/\/www.all-in-finance.com\/fr\/"},{"@type":"ListItem","position":2,"name":"Disclaimer"}]},{"@type":"WebSite","@id":"https:\/\/www.all-in-finance.com\/#website","url":"https:\/\/www.all-in-finance.com\/","name":"All-In Finanz AG","description":"[:en]Eine weitere WordPress-Seite[:fr]Eine weitere WordPress-Seite[:]","potentialAction":[{"@type":"SearchAction","target":{"@type":"EntryPoint","urlTemplate":"https:\/\/www.all-in-finance.com\/?s={search_term_string}"},"query-input":{"@type":"PropertyValueSpecification","valueRequired":true,"valueName":"search_term_string"}}],"inLanguage":"fr-FR"}]}},"_links":{"self":[{"href":"https:\/\/www.all-in-finance.com\/fr\/wp-json\/wp\/v2\/pages\/15630","targetHints":{"allow":["GET"]}}],"collection":[{"href":"https:\/\/www.all-in-finance.com\/fr\/wp-json\/wp\/v2\/pages"}],"about":[{"href":"https:\/\/www.all-in-finance.com\/fr\/wp-json\/wp\/v2\/types\/page"}],"author":[{"embeddable":true,"href":"https:\/\/www.all-in-finance.com\/fr\/wp-json\/wp\/v2\/users\/3"}],"replies":[{"embeddable":true,"href":"https:\/\/www.all-in-finance.com\/fr\/wp-json\/wp\/v2\/comments?post=15630"}],"version-history":[{"count":5,"href":"https:\/\/www.all-in-finance.com\/fr\/wp-json\/wp\/v2\/pages\/15630\/revisions"}],"predecessor-version":[{"id":19947,"href":"https:\/\/www.all-in-finance.com\/fr\/wp-json\/wp\/v2\/pages\/15630\/revisions\/19947"}],"wp:featuredmedia":[{"embeddable":true,"href":"https:\/\/www.all-in-finance.com\/fr\/wp-json\/wp\/v2\/media\/15503"}],"wp:attachment":[{"href":"https:\/\/www.all-in-finance.com\/fr\/wp-json\/wp\/v2\/media?parent=15630"}],"curies":[{"name":"wp","href":"https:\/\/api.w.org\/{rel}","templated":true}]}}