{"id":15633,"date":"2015-04-08T15:29:46","date_gmt":"2015-04-08T13:29:46","guid":{"rendered":"https:\/\/www.all-in-finance.com\/geschichte\/"},"modified":"2023-02-21T15:42:54","modified_gmt":"2023-02-21T14:42:54","slug":"histoire","status":"publish","type":"page","link":"https:\/\/www.all-in-finance.com\/fr\/histoire\/","title":{"rendered":"Histoire"},"content":{"rendered":"","protected":false},"excerpt":{"rendered":"","protected":false},"author":3,"featured_media":0,"parent":0,"menu_order":0,"comment_status":"open","ping_status":"open","template":"page-subs-2.php","meta":{"_acf_changed":false,"footnotes":""},"class_list":["post-15633","page","type-page","status-publish","hentry"],"acf":[],"yoast_head":"<!-- This site is optimized with the Yoast SEO plugin v24.7 - https:\/\/yoast.com\/wordpress\/plugins\/seo\/ -->\n<title>Histoire - All-In Finanz AG<\/title>\n<meta name=\"description\" content=\"La soci\u00e9t\u00e9 All-In Finance SA a \u00e9t\u00e9 cr\u00e9\u00e9e en 1997 et se concentre sur le conseil et l&#039;accompagnement de clients institutionnels et priv\u00e9s.\" \/>\n<meta name=\"robots\" content=\"index, follow, max-snippet:-1, max-image-preview:large, max-video-preview:-1\" \/>\n<link rel=\"canonical\" href=\"https:\/\/www.all-in-finance.com\/fr\/histoire\/\" \/>\n<meta property=\"og:locale\" content=\"fr_FR\" \/>\n<meta property=\"og:type\" content=\"article\" \/>\n<meta property=\"og:title\" content=\"Histoire - All-In Finanz AG\" \/>\n<meta property=\"og:description\" content=\"La soci\u00e9t\u00e9 All-In Finance SA a \u00e9t\u00e9 cr\u00e9\u00e9e en 1997 et se concentre sur le conseil et l&#039;accompagnement de clients institutionnels et priv\u00e9s.\" \/>\n<meta property=\"og:url\" content=\"https:\/\/www.all-in-finance.com\/fr\/histoire\/\" \/>\n<meta property=\"og:site_name\" content=\"All-In Finanz AG\" \/>\n<meta property=\"article:modified_time\" content=\"2023-02-21T14:42:54+00:00\" \/>\n<meta name=\"twitter:card\" content=\"summary_large_image\" \/>\n<script type=\"application\/ld+json\" class=\"yoast-schema-graph\">{\"@context\":\"https:\/\/schema.org\",\"@graph\":[{\"@type\":\"WebPage\",\"@id\":\"https:\/\/www.all-in-finance.com\/fr\/histoire\/\",\"url\":\"https:\/\/www.all-in-finance.com\/fr\/histoire\/\",\"name\":\"Histoire - All-In Finanz AG\",\"isPartOf\":{\"@id\":\"https:\/\/www.all-in-finance.com\/#website\"},\"datePublished\":\"2015-04-08T13:29:46+00:00\",\"dateModified\":\"2023-02-21T14:42:54+00:00\",\"description\":\"La soci\u00e9t\u00e9 All-In Finance SA a \u00e9t\u00e9 cr\u00e9\u00e9e en 1997 et se concentre sur le conseil et l'accompagnement de clients institutionnels et priv\u00e9s.\",\"breadcrumb\":{\"@id\":\"https:\/\/www.all-in-finance.com\/fr\/histoire\/#breadcrumb\"},\"inLanguage\":\"fr-FR\",\"potentialAction\":[{\"@type\":\"ReadAction\",\"target\":[\"https:\/\/www.all-in-finance.com\/fr\/histoire\/\"]}]},{\"@type\":\"BreadcrumbList\",\"@id\":\"https:\/\/www.all-in-finance.com\/fr\/histoire\/#breadcrumb\",\"itemListElement\":[{\"@type\":\"ListItem\",\"position\":1,\"name\":\"Startseite\",\"item\":\"https:\/\/www.all-in-finance.com\/fr\/\"},{\"@type\":\"ListItem\",\"position\":2,\"name\":\"Histoire\"}]},{\"@type\":\"WebSite\",\"@id\":\"https:\/\/www.all-in-finance.com\/#website\",\"url\":\"https:\/\/www.all-in-finance.com\/\",\"name\":\"All-In Finanz AG\",\"description\":\"[:en]Eine weitere WordPress-Seite[:fr]Eine weitere WordPress-Seite[:]\",\"potentialAction\":[{\"@type\":\"SearchAction\",\"target\":{\"@type\":\"EntryPoint\",\"urlTemplate\":\"https:\/\/www.all-in-finance.com\/?s={search_term_string}\"},\"query-input\":{\"@type\":\"PropertyValueSpecification\",\"valueRequired\":true,\"valueName\":\"search_term_string\"}}],\"inLanguage\":\"fr-FR\"}]}<\/script>\n<!-- \/ Yoast SEO plugin. -->","yoast_head_json":{"title":"Histoire - All-In Finanz AG","description":"La soci\u00e9t\u00e9 All-In Finance SA a \u00e9t\u00e9 cr\u00e9\u00e9e en 1997 et se concentre sur le conseil et l'accompagnement de clients institutionnels et priv\u00e9s.","robots":{"index":"index","follow":"follow","max-snippet":"max-snippet:-1","max-image-preview":"max-image-preview:large","max-video-preview":"max-video-preview:-1"},"canonical":"https:\/\/www.all-in-finance.com\/fr\/histoire\/","og_locale":"fr_FR","og_type":"article","og_title":"Histoire - All-In Finanz AG","og_description":"La soci\u00e9t\u00e9 All-In Finance SA a \u00e9t\u00e9 cr\u00e9\u00e9e en 1997 et se concentre sur le conseil et l'accompagnement de clients institutionnels et priv\u00e9s.","og_url":"https:\/\/www.all-in-finance.com\/fr\/histoire\/","og_site_name":"All-In Finanz AG","article_modified_time":"2023-02-21T14:42:54+00:00","twitter_card":"summary_large_image","schema":{"@context":"https:\/\/schema.org","@graph":[{"@type":"WebPage","@id":"https:\/\/www.all-in-finance.com\/fr\/histoire\/","url":"https:\/\/www.all-in-finance.com\/fr\/histoire\/","name":"Histoire - All-In Finanz AG","isPartOf":{"@id":"https:\/\/www.all-in-finance.com\/#website"},"datePublished":"2015-04-08T13:29:46+00:00","dateModified":"2023-02-21T14:42:54+00:00","description":"La soci\u00e9t\u00e9 All-In Finance SA a \u00e9t\u00e9 cr\u00e9\u00e9e en 1997 et se concentre sur le conseil et l'accompagnement de clients institutionnels et priv\u00e9s.","breadcrumb":{"@id":"https:\/\/www.all-in-finance.com\/fr\/histoire\/#breadcrumb"},"inLanguage":"fr-FR","potentialAction":[{"@type":"ReadAction","target":["https:\/\/www.all-in-finance.com\/fr\/histoire\/"]}]},{"@type":"BreadcrumbList","@id":"https:\/\/www.all-in-finance.com\/fr\/histoire\/#breadcrumb","itemListElement":[{"@type":"ListItem","position":1,"name":"Startseite","item":"https:\/\/www.all-in-finance.com\/fr\/"},{"@type":"ListItem","position":2,"name":"Histoire"}]},{"@type":"WebSite","@id":"https:\/\/www.all-in-finance.com\/#website","url":"https:\/\/www.all-in-finance.com\/","name":"All-In Finanz AG","description":"[:en]Eine weitere WordPress-Seite[:fr]Eine weitere WordPress-Seite[:]","potentialAction":[{"@type":"SearchAction","target":{"@type":"EntryPoint","urlTemplate":"https:\/\/www.all-in-finance.com\/?s={search_term_string}"},"query-input":{"@type":"PropertyValueSpecification","valueRequired":true,"valueName":"search_term_string"}}],"inLanguage":"fr-FR"}]}},"_links":{"self":[{"href":"https:\/\/www.all-in-finance.com\/fr\/wp-json\/wp\/v2\/pages\/15633","targetHints":{"allow":["GET"]}}],"collection":[{"href":"https:\/\/www.all-in-finance.com\/fr\/wp-json\/wp\/v2\/pages"}],"about":[{"href":"https:\/\/www.all-in-finance.com\/fr\/wp-json\/wp\/v2\/types\/page"}],"author":[{"embeddable":true,"href":"https:\/\/www.all-in-finance.com\/fr\/wp-json\/wp\/v2\/users\/3"}],"replies":[{"embeddable":true,"href":"https:\/\/www.all-in-finance.com\/fr\/wp-json\/wp\/v2\/comments?post=15633"}],"version-history":[{"count":7,"href":"https:\/\/www.all-in-finance.com\/fr\/wp-json\/wp\/v2\/pages\/15633\/revisions"}],"predecessor-version":[{"id":18506,"href":"https:\/\/www.all-in-finance.com\/fr\/wp-json\/wp\/v2\/pages\/15633\/revisions\/18506"}],"wp:attachment":[{"href":"https:\/\/www.all-in-finance.com\/fr\/wp-json\/wp\/v2\/media?parent=15633"}],"curies":[{"name":"wp","href":"https:\/\/api.w.org\/{rel}","templated":true}]}}