{"id":15648,"date":"2015-04-08T15:29:39","date_gmt":"2015-04-08T13:29:39","guid":{"rendered":"https:\/\/www.all-in-finance.com\/team\/"},"modified":"2024-02-19T09:09:01","modified_gmt":"2024-02-19T08:09:01","slug":"equipe","status":"publish","type":"page","link":"https:\/\/www.all-in-finance.com\/fr\/equipe\/","title":{"rendered":"Equipe"},"content":{"rendered":"<div class=\"row\">\n<div id=\"benois\" class=\"selectc col-xs-12 col-sm-6 col-md-3 bottom-margin-50 active\">\n<div class=\"team-inner-wrapper\">\n<div class=\"img-wrapper\"><img loading=\"lazy\" decoding=\"async\" class=\"alignnone size-full wp-image-16028\" src=\"https:\/\/www.all-in-finance.com\/wp-content\/uploads\/2022\/02\/BenoitAndres_CV_Foto1.jpg\" alt=\"\" width=\"147\" height=\"145\"><br \/>\n<strong class=\"brown\">Benoit Andres<\/strong><\/div>\n<\/div>\n<\/div>\n<div id=\"metrailler\" class=\"selectc col-xs-12 col-sm-6 col-md-3 bottom-margin-50 active\">\n<div class=\"team-inner-wrapper\">\n<div class=\"img-wrapper\"><img loading=\"lazy\" decoding=\"async\" class=\"alignnone size-full wp-image-15553\" src=\"https:\/\/www.all-in-finance.com\/wp-content\/uploads\/2015\/04\/philippe_small.jpg\" alt=\"\" width=\"147\" height=\"145\"><br \/>\n<strong class=\"brown\">Philippe M\u00e9trailler<\/strong><\/div>\n<\/div>\n<\/div>\n<div id=\"scaglia\" class=\"selectc col-xs-12 col-sm-6 col-md-3 bottom-margin-50 active\">\n<div class=\"team-inner-wrapper\">\n<div class=\"img-wrapper\"><img loading=\"lazy\" decoding=\"async\" class=\"alignnone size-full wp-image-15549\" src=\"https:\/\/www.all-in-finance.com\/wp-content\/uploads\/2015\/04\/maguy_small.jpg\" alt=\"\" width=\"147\" height=\"145\"><br \/>\n<strong class=\"brown\">Maguy Scaglia<\/strong><\/div>\n<\/div>\n<\/div>\n<div id=\"mermet\" class=\"selectc col-xs-12 col-sm-6 col-md-3 bottom-margin-50 active\">\n<div class=\"team-inner-wrapper\">\n<div class=\"img-wrapper\"><img loading=\"lazy\" decoding=\"async\" class=\"alignnone size-full wp-image-15549\" src=\"https:\/\/www.all-in-finance.com\/wp-content\/uploads\/2024\/02\/elodie-mermet-all-in-finance-1.jpg\" alt=\"\" width=\"147\" height=\"145\"><br \/>\n<strong class=\"brown\">Elodie Mermet<\/strong><\/div>\n<\/div>\n<\/div>\n<div class=\"contact-benois\">\n<div class=\"row\">\n<div class=\"col-xs-12\"><a href=\"https:\/\/www.all-in-finance.com\/wp-content\/uploads\/2022\/02\/Benoit_Andres_gross-1.jpg\"><img loading=\"lazy\" decoding=\"async\" class=\"alignnone size-full wp-image-15565\" src=\"https:\/\/www.all-in-finance.com\/wp-content\/uploads\/2022\/02\/Benoit_Andres_gross-1.jpg\" alt=\"\" width=\"1030\" height=\"579\" srcset=\"https:\/\/www.all-in-finance.com\/wp-content\/uploads\/2022\/02\/Benoit_Andres_gross-1.jpg 1030w, https:\/\/www.all-in-finance.com\/wp-content\/uploads\/2022\/02\/Benoit_Andres_gross-1-300x169.jpg 300w, https:\/\/www.all-in-finance.com\/wp-content\/uploads\/2022\/02\/Benoit_Andres_gross-1-1024x576.jpg 1024w, https:\/\/www.all-in-finance.com\/wp-content\/uploads\/2022\/02\/Benoit_Andres_gross-1-768x432.jpg 768w\" sizes=\"auto, (max-width: 1030px) 100vw, 1030px\" \/><\/a><\/div>\n<\/div>\n<div class=\"row\">\n<div class=\"col-xs-12 col-md-9\"><span class=\"h2 big-imgtxt bottom-margin-50\">Benoit Andres<\/span><\/div>\n<div class=\"col-xs-12 col-md-3\">\n<p>    <span class=\"h2\">Contact<\/span><\/p>\n<hr style=\"margin-left: 0;\">\n<p><strong>T\u00e9l\u00e9phone:<\/strong> + 41 44 389 99 00<br \/>\n<strong>Email:<\/strong> b.andres@all-in-finance.com<\/p>\n<\/div>\n<\/div>\n<\/div>\n<div class=\"contact-metrailler hide\">\n<div class=\"row\">\n<div class=\"col-xs-12\"><a href=\"https:\/\/www.all-in-finance.com\/wp-content\/uploads\/2015\/04\/philippe_big.jpg\"><img loading=\"lazy\" decoding=\"async\" class=\"alignnone size-full wp-image-15551\" src=\"https:\/\/www.all-in-finance.com\/wp-content\/uploads\/2015\/04\/philippe_big.jpg\" alt=\"\" width=\"1030\" height=\"579\" srcset=\"https:\/\/www.all-in-finance.com\/wp-content\/uploads\/2015\/04\/philippe_big.jpg 1030w, https:\/\/www.all-in-finance.com\/wp-content\/uploads\/2015\/04\/philippe_big-300x169.jpg 300w, https:\/\/www.all-in-finance.com\/wp-content\/uploads\/2015\/04\/philippe_big-1024x576.jpg 1024w\" sizes=\"auto, (max-width: 1030px) 100vw, 1030px\" \/><\/a><\/div>\n<\/div>\n<div class=\"row\">\n<div class=\"col-xs-12 col-md-9\"><span class=\"h2 big-imgtxt bottom-margin-50\">Philippe M\u00e9trailler<\/span><\/div>\n<div class=\"col-xs-12 col-md-3\">\n<p>    <span class=\"h2\">Contact<\/span><\/p>\n<hr style=\"margin-left: 0;\">\n<p><strong>T\u00e9l\u00e9phone:<\/strong> + 41 44 389 99 86<br \/>\n<strong>Email:<\/strong> p.metrailler@all-in-finance.com<\/p>\n<\/div>\n<\/div>\n<\/div>\n<div class=\"contact-scaglia hide\">\n<div class=\"row\">\n<div class=\"col-xs-12\"><a href=\"https:\/\/www.all-in-finance.com\/wp-content\/uploads\/2015\/04\/maguy_big.jpg\"><img loading=\"lazy\" decoding=\"async\" class=\"alignnone size-full wp-image-15547\" src=\"https:\/\/www.all-in-finance.com\/wp-content\/uploads\/2015\/04\/maguy_big.jpg\" alt=\"\" width=\"1030\" height=\"579\" srcset=\"https:\/\/www.all-in-finance.com\/wp-content\/uploads\/2015\/04\/maguy_big.jpg 1030w, https:\/\/www.all-in-finance.com\/wp-content\/uploads\/2015\/04\/maguy_big-300x169.jpg 300w, https:\/\/www.all-in-finance.com\/wp-content\/uploads\/2015\/04\/maguy_big-1024x576.jpg 1024w\" sizes=\"auto, (max-width: 1030px) 100vw, 1030px\" \/><\/a><\/div>\n<\/div>\n<div class=\"row\">\n<div class=\"col-xs-12 col-md-9\"><span class=\"h2 big-imgtxt bottom-margin-50\">Maguy Scaglia<\/span><\/div>\n<div class=\"col-xs-12 col-md-3\">\n<p>    <span class=\"h2\">Contact<\/span><\/p>\n<hr style=\"margin-left: 0;\">\n<p><strong>T\u00e9l\u00e9phone:<\/strong> +41 21 799 46 82<br \/>\n<strong>Email:<\/strong> m.scaglia@all-in-finance.com<\/p>\n<\/div>\n<\/div>\n<\/div>\n<div class=\"contact-mermet hide\">\n<div class=\"row\">\n<div class=\"col-xs-12\"><a href=\"https:\/\/www.all-in-finance.com\/wp-content\/uploads\/2024\/02\/elodie-mermet.jpg\"><img loading=\"lazy\" decoding=\"async\" class=\"alignnone size-full wp-image-15547\" src=\"https:\/\/www.all-in-finance.com\/wp-content\/uploads\/2024\/02\/elodie-mermet.jpg\" alt=\"\" width=\"1030\" height=\"579\"><\/a><\/div>\n<\/div>\n<div class=\"row\">\n<div class=\"col-xs-12 col-md-9\"><span class=\"h2 big-imgtxt bottom-margin-50\">Elodie Mermet<\/span><\/div>\n<div class=\"col-xs-12 col-md-3\">\n<p>        <span class=\"h2\">Contact<\/span><\/p>\n<hr style=\"margin-left: 0;\">\n<p><strong>T\u00e9l\u00e9phone:<\/strong> +41 44 389 99 85<br \/>\n<strong>Email:<\/strong> e.mermet@all-in-finance.com<\/p>\n<\/div>\n<\/div>\n<\/div>\n<\/div>\n","protected":false},"excerpt":{"rendered":"<p>Benoit Andres Philippe M\u00e9trailler Maguy Scaglia Elodie Mermet Benoit Andres Contact T\u00e9l\u00e9phone: + 41 44 389 99 00 Email: b.andres@all-in-finance.com Philippe M\u00e9trailler Contact T\u00e9l\u00e9phone: + 41 44 389 99 86 Email: p.metrailler@all-in-finance.com Maguy Scaglia Contact T\u00e9l\u00e9phone: +41 21 799 46 82 Email: m.scaglia@all-in-finance.com Elodie Mermet Contact T\u00e9l\u00e9phone: +41 44 389 99 85 Email: e.mermet@all-in-finance.com<\/p>\n","protected":false},"author":3,"featured_media":0,"parent":0,"menu_order":0,"comment_status":"open","ping_status":"open","template":"","meta":{"_acf_changed":false,"footnotes":""},"class_list":["post-15648","page","type-page","status-publish","hentry"],"acf":[],"yoast_head":"<!-- This site is optimized with the Yoast SEO plugin v24.7 - https:\/\/yoast.com\/wordpress\/plugins\/seo\/ -->\n<title>Equipe - All-In Finanz AG<\/title>\n<meta name=\"description\" content=\"Notre \u00e9quipe se compose des personnes suivantes qui disposent d&#039;une longue exp\u00e9rience professionnelle et qui ma\u00eetrisent plusieurs langues \u00e9trang\u00e8res.\" \/>\n<meta name=\"robots\" content=\"index, follow, max-snippet:-1, max-image-preview:large, max-video-preview:-1\" \/>\n<link rel=\"canonical\" href=\"https:\/\/www.all-in-finance.com\/fr\/equipe\/\" \/>\n<meta property=\"og:locale\" content=\"fr_FR\" \/>\n<meta property=\"og:type\" content=\"article\" \/>\n<meta property=\"og:title\" content=\"Equipe - All-In Finanz AG\" \/>\n<meta property=\"og:description\" content=\"Notre \u00e9quipe se compose des personnes suivantes qui disposent d&#039;une longue exp\u00e9rience professionnelle et qui ma\u00eetrisent plusieurs langues \u00e9trang\u00e8res.\" \/>\n<meta property=\"og:url\" content=\"https:\/\/www.all-in-finance.com\/fr\/equipe\/\" \/>\n<meta property=\"og:site_name\" content=\"All-In Finanz AG\" \/>\n<meta property=\"article:modified_time\" content=\"2024-02-19T08:09:01+00:00\" \/>\n<meta property=\"og:image\" content=\"https:\/\/www.all-in-finance.com\/wp-content\/uploads\/2022\/02\/BenoitAndres_CV_Foto1.jpg\" \/>\n<meta name=\"twitter:card\" content=\"summary_large_image\" \/>\n<meta name=\"twitter:label1\" content=\"Dur\u00e9e de lecture estim\u00e9e\" \/>\n\t<meta name=\"twitter:data1\" content=\"2 minutes\" \/>\n<script type=\"application\/ld+json\" class=\"yoast-schema-graph\">{\"@context\":\"https:\/\/schema.org\",\"@graph\":[{\"@type\":\"WebPage\",\"@id\":\"https:\/\/www.all-in-finance.com\/fr\/equipe\/\",\"url\":\"https:\/\/www.all-in-finance.com\/fr\/equipe\/\",\"name\":\"Equipe - All-In Finanz AG\",\"isPartOf\":{\"@id\":\"https:\/\/www.all-in-finance.com\/#website\"},\"primaryImageOfPage\":{\"@id\":\"https:\/\/www.all-in-finance.com\/fr\/equipe\/#primaryimage\"},\"image\":{\"@id\":\"https:\/\/www.all-in-finance.com\/fr\/equipe\/#primaryimage\"},\"thumbnailUrl\":\"https:\/\/www.all-in-finance.com\/wp-content\/uploads\/2022\/02\/BenoitAndres_CV_Foto1.jpg\",\"datePublished\":\"2015-04-08T13:29:39+00:00\",\"dateModified\":\"2024-02-19T08:09:01+00:00\",\"description\":\"Notre \u00e9quipe se compose des personnes suivantes qui disposent d'une longue exp\u00e9rience professionnelle et qui ma\u00eetrisent plusieurs langues \u00e9trang\u00e8res.\",\"breadcrumb\":{\"@id\":\"https:\/\/www.all-in-finance.com\/fr\/equipe\/#breadcrumb\"},\"inLanguage\":\"fr-FR\",\"potentialAction\":[{\"@type\":\"ReadAction\",\"target\":[\"https:\/\/www.all-in-finance.com\/fr\/equipe\/\"]}]},{\"@type\":\"ImageObject\",\"inLanguage\":\"fr-FR\",\"@id\":\"https:\/\/www.all-in-finance.com\/fr\/equipe\/#primaryimage\",\"url\":\"https:\/\/www.all-in-finance.com\/wp-content\/uploads\/2022\/02\/BenoitAndres_CV_Foto1.jpg\",\"contentUrl\":\"https:\/\/www.all-in-finance.com\/wp-content\/uploads\/2022\/02\/BenoitAndres_CV_Foto1.jpg\"},{\"@type\":\"BreadcrumbList\",\"@id\":\"https:\/\/www.all-in-finance.com\/fr\/equipe\/#breadcrumb\",\"itemListElement\":[{\"@type\":\"ListItem\",\"position\":1,\"name\":\"Startseite\",\"item\":\"https:\/\/www.all-in-finance.com\/fr\/\"},{\"@type\":\"ListItem\",\"position\":2,\"name\":\"Equipe\"}]},{\"@type\":\"WebSite\",\"@id\":\"https:\/\/www.all-in-finance.com\/#website\",\"url\":\"https:\/\/www.all-in-finance.com\/\",\"name\":\"All-In Finanz AG\",\"description\":\"[:en]Eine weitere WordPress-Seite[:fr]Eine weitere WordPress-Seite[:]\",\"potentialAction\":[{\"@type\":\"SearchAction\",\"target\":{\"@type\":\"EntryPoint\",\"urlTemplate\":\"https:\/\/www.all-in-finance.com\/?s={search_term_string}\"},\"query-input\":{\"@type\":\"PropertyValueSpecification\",\"valueRequired\":true,\"valueName\":\"search_term_string\"}}],\"inLanguage\":\"fr-FR\"}]}<\/script>\n<!-- \/ Yoast SEO plugin. -->","yoast_head_json":{"title":"Equipe - All-In Finanz AG","description":"Notre \u00e9quipe se compose des personnes suivantes qui disposent d'une longue exp\u00e9rience professionnelle et qui ma\u00eetrisent plusieurs langues \u00e9trang\u00e8res.","robots":{"index":"index","follow":"follow","max-snippet":"max-snippet:-1","max-image-preview":"max-image-preview:large","max-video-preview":"max-video-preview:-1"},"canonical":"https:\/\/www.all-in-finance.com\/fr\/equipe\/","og_locale":"fr_FR","og_type":"article","og_title":"Equipe - All-In Finanz AG","og_description":"Notre \u00e9quipe se compose des personnes suivantes qui disposent d'une longue exp\u00e9rience professionnelle et qui ma\u00eetrisent plusieurs langues \u00e9trang\u00e8res.","og_url":"https:\/\/www.all-in-finance.com\/fr\/equipe\/","og_site_name":"All-In Finanz AG","article_modified_time":"2024-02-19T08:09:01+00:00","og_image":[{"url":"https:\/\/www.all-in-finance.com\/wp-content\/uploads\/2022\/02\/BenoitAndres_CV_Foto1.jpg","type":"","width":"","height":""}],"twitter_card":"summary_large_image","twitter_misc":{"Dur\u00e9e de lecture estim\u00e9e":"2 minutes"},"schema":{"@context":"https:\/\/schema.org","@graph":[{"@type":"WebPage","@id":"https:\/\/www.all-in-finance.com\/fr\/equipe\/","url":"https:\/\/www.all-in-finance.com\/fr\/equipe\/","name":"Equipe - All-In Finanz AG","isPartOf":{"@id":"https:\/\/www.all-in-finance.com\/#website"},"primaryImageOfPage":{"@id":"https:\/\/www.all-in-finance.com\/fr\/equipe\/#primaryimage"},"image":{"@id":"https:\/\/www.all-in-finance.com\/fr\/equipe\/#primaryimage"},"thumbnailUrl":"https:\/\/www.all-in-finance.com\/wp-content\/uploads\/2022\/02\/BenoitAndres_CV_Foto1.jpg","datePublished":"2015-04-08T13:29:39+00:00","dateModified":"2024-02-19T08:09:01+00:00","description":"Notre \u00e9quipe se compose des personnes suivantes qui disposent d'une longue exp\u00e9rience professionnelle et qui ma\u00eetrisent plusieurs langues \u00e9trang\u00e8res.","breadcrumb":{"@id":"https:\/\/www.all-in-finance.com\/fr\/equipe\/#breadcrumb"},"inLanguage":"fr-FR","potentialAction":[{"@type":"ReadAction","target":["https:\/\/www.all-in-finance.com\/fr\/equipe\/"]}]},{"@type":"ImageObject","inLanguage":"fr-FR","@id":"https:\/\/www.all-in-finance.com\/fr\/equipe\/#primaryimage","url":"https:\/\/www.all-in-finance.com\/wp-content\/uploads\/2022\/02\/BenoitAndres_CV_Foto1.jpg","contentUrl":"https:\/\/www.all-in-finance.com\/wp-content\/uploads\/2022\/02\/BenoitAndres_CV_Foto1.jpg"},{"@type":"BreadcrumbList","@id":"https:\/\/www.all-in-finance.com\/fr\/equipe\/#breadcrumb","itemListElement":[{"@type":"ListItem","position":1,"name":"Startseite","item":"https:\/\/www.all-in-finance.com\/fr\/"},{"@type":"ListItem","position":2,"name":"Equipe"}]},{"@type":"WebSite","@id":"https:\/\/www.all-in-finance.com\/#website","url":"https:\/\/www.all-in-finance.com\/","name":"All-In Finanz AG","description":"[:en]Eine weitere WordPress-Seite[:fr]Eine weitere WordPress-Seite[:]","potentialAction":[{"@type":"SearchAction","target":{"@type":"EntryPoint","urlTemplate":"https:\/\/www.all-in-finance.com\/?s={search_term_string}"},"query-input":{"@type":"PropertyValueSpecification","valueRequired":true,"valueName":"search_term_string"}}],"inLanguage":"fr-FR"}]}},"_links":{"self":[{"href":"https:\/\/www.all-in-finance.com\/fr\/wp-json\/wp\/v2\/pages\/15648","targetHints":{"allow":["GET"]}}],"collection":[{"href":"https:\/\/www.all-in-finance.com\/fr\/wp-json\/wp\/v2\/pages"}],"about":[{"href":"https:\/\/www.all-in-finance.com\/fr\/wp-json\/wp\/v2\/types\/page"}],"author":[{"embeddable":true,"href":"https:\/\/www.all-in-finance.com\/fr\/wp-json\/wp\/v2\/users\/3"}],"replies":[{"embeddable":true,"href":"https:\/\/www.all-in-finance.com\/fr\/wp-json\/wp\/v2\/comments?post=15648"}],"version-history":[{"count":25,"href":"https:\/\/www.all-in-finance.com\/fr\/wp-json\/wp\/v2\/pages\/15648\/revisions"}],"predecessor-version":[{"id":21302,"href":"https:\/\/www.all-in-finance.com\/fr\/wp-json\/wp\/v2\/pages\/15648\/revisions\/21302"}],"wp:attachment":[{"href":"https:\/\/www.all-in-finance.com\/fr\/wp-json\/wp\/v2\/media?parent=15648"}],"curies":[{"name":"wp","href":"https:\/\/api.w.org\/{rel}","templated":true}]}}