{"id":15651,"date":"2015-04-08T15:28:47","date_gmt":"2015-04-08T13:28:47","guid":{"rendered":"https:\/\/www.all-in-finance.com\/vermoegensverwalter\/"},"modified":"2024-02-09T13:57:26","modified_gmt":"2024-02-09T12:57:26","slug":"gerants-de-fortune","status":"publish","type":"page","link":"https:\/\/www.all-in-finance.com\/fr\/gerants-de-fortune\/","title":{"rendered":"G\u00e9rants de fortune"},"content":{"rendered":"<h2>SOLUTION POUR GERANTS DE FORTUNE<\/h2>\n<p>Vous avez envie de diminuer votre charge de travail et vous cherchez une solution pour continuer \u00e0 accompagner vos clients sans devoir assumer les charges administratives?<br \/>\nVous conseillez vos clients, et nous nous chargeons du reste \u00e0 votre place afin de vous soulager.<\/p>\n<p>Nous pouvons vous proposer des solutions personnalis\u00e9es sur mesure:<\/p>\n<p><strong><span style=\"color: #c59a6d;\">Vous \u00eates g\u00e9rant de fortune ou banquier et vous aimeriez avoir plus de temps pour vous?<\/span><\/strong><\/p>\n<p>Nous vous proposons des solutions personnalis\u00e9es pour que vous puissiez lever le pied et vous concentrer sur l&rsquo;essentiel, \u00e0 savoir vos clients.<\/p>\n<p><strong><span style=\"color: #c59a6d;\">Que me propose All-In Finance SA?<\/span><\/strong><\/p>\n<p>All-In Finance SA vous soutient gr\u00e2ce \u00e0 des services efficaces en mati\u00e8re de reporting et de contr\u00f4le des risques. En \u00e9t\u00e9 2023, nous avons \u00e9t\u00e9 autoris\u00e9s par la FINMA en tant que gestionnaires de fortune conform\u00e9ment \u00e0 la LEFin et nous avons rejoint l\u2019AO AOOS pour la surveillance courante. Nous sommes en outre membres de l\u2019ASG, l\u2019Association suisse des g\u00e9rants de fortune.<br \/>\nNos collaborateurs comp\u00e9tents et exp\u00e9riment\u00e9s sont les garants d&rsquo;une coop\u00e9ration r\u00e9ussie.<\/p>\n<p>Vous n&rsquo;avez pas besoin de cr\u00e9er votre propre entreprise ou d&rsquo;investir un gros capital pour devenir associ\u00e9. Vous d\u00e9cidez quelles prestations\/services vous souhaitez utiliser, et vous pouvez vous lancer imm\u00e9diatement.<\/p>\n<p>Nous serions heureux de vous rencontrer dans le cadre d&rsquo;un entretien personnel.<br \/>\n<a class=\"kontakt-button\" title=\"Kontakt\" href=\"https:\/\/www.all-in-finance.com\/fr\/kontakt\/\">Contactez-nous<\/a><\/p>\n","protected":false},"excerpt":{"rendered":"<p>SOLUTION POUR GERANTS DE FORTUNE Vous avez envie de diminuer votre charge de travail et vous cherchez une solution pour continuer \u00e0 accompagner vos clients sans devoir assumer les charges administratives? Vous conseillez vos clients, et nous nous chargeons du reste \u00e0 votre place afin de vous soulager. Nous pouvons vous proposer des solutions personnalis\u00e9es&#8230;<\/p>\n<p><a class=\"excerpt-read-more btn btn-primary\" href=\"https:\/\/www.all-in-finance.com\/fr\/gerants-de-fortune\/\" title=\"ReadG\u00e9rants de fortune\">Read More<\/a><\/p>\n","protected":false},"author":3,"featured_media":0,"parent":0,"menu_order":0,"comment_status":"open","ping_status":"open","template":"page-subs.php","meta":{"_acf_changed":false,"footnotes":""},"class_list":["post-15651","page","type-page","status-publish","hentry"],"acf":[],"yoast_head":"<!-- This site is optimized with the Yoast SEO plugin v24.7 - https:\/\/yoast.com\/wordpress\/plugins\/seo\/ -->\n<title>G\u00e9rants de fortune - All-In Finanz AG<\/title>\n<meta name=\"description\" content=\"Vous cherchez une solution pour continuer \u00e0 accompagner vos clients sans devoir assumer les charges administratives?\" \/>\n<meta name=\"robots\" content=\"index, follow, max-snippet:-1, max-image-preview:large, max-video-preview:-1\" \/>\n<link rel=\"canonical\" href=\"https:\/\/www.all-in-finance.com\/fr\/gerants-de-fortune\/\" \/>\n<meta property=\"og:locale\" content=\"fr_FR\" \/>\n<meta property=\"og:type\" content=\"article\" \/>\n<meta property=\"og:title\" content=\"G\u00e9rants de fortune - All-In Finanz AG\" \/>\n<meta property=\"og:description\" content=\"Vous cherchez une solution pour continuer \u00e0 accompagner vos clients sans devoir assumer les charges administratives?\" \/>\n<meta property=\"og:url\" content=\"https:\/\/www.all-in-finance.com\/fr\/gerants-de-fortune\/\" \/>\n<meta property=\"og:site_name\" content=\"All-In Finanz AG\" \/>\n<meta property=\"article:modified_time\" content=\"2024-02-09T12:57:26+00:00\" \/>\n<meta name=\"twitter:card\" content=\"summary_large_image\" \/>\n<meta name=\"twitter:label1\" content=\"Dur\u00e9e de lecture estim\u00e9e\" \/>\n\t<meta name=\"twitter:data1\" content=\"2 minutes\" \/>\n<script type=\"application\/ld+json\" class=\"yoast-schema-graph\">{\"@context\":\"https:\/\/schema.org\",\"@graph\":[{\"@type\":\"WebPage\",\"@id\":\"https:\/\/www.all-in-finance.com\/fr\/gerants-de-fortune\/\",\"url\":\"https:\/\/www.all-in-finance.com\/fr\/gerants-de-fortune\/\",\"name\":\"G\u00e9rants de fortune - All-In Finanz AG\",\"isPartOf\":{\"@id\":\"https:\/\/www.all-in-finance.com\/#website\"},\"datePublished\":\"2015-04-08T13:28:47+00:00\",\"dateModified\":\"2024-02-09T12:57:26+00:00\",\"description\":\"Vous cherchez une solution pour continuer \u00e0 accompagner vos clients sans devoir assumer les charges administratives?\",\"breadcrumb\":{\"@id\":\"https:\/\/www.all-in-finance.com\/fr\/gerants-de-fortune\/#breadcrumb\"},\"inLanguage\":\"fr-FR\",\"potentialAction\":[{\"@type\":\"ReadAction\",\"target\":[\"https:\/\/www.all-in-finance.com\/fr\/gerants-de-fortune\/\"]}]},{\"@type\":\"BreadcrumbList\",\"@id\":\"https:\/\/www.all-in-finance.com\/fr\/gerants-de-fortune\/#breadcrumb\",\"itemListElement\":[{\"@type\":\"ListItem\",\"position\":1,\"name\":\"Startseite\",\"item\":\"https:\/\/www.all-in-finance.com\/fr\/\"},{\"@type\":\"ListItem\",\"position\":2,\"name\":\"G\u00e9rants de fortune\"}]},{\"@type\":\"WebSite\",\"@id\":\"https:\/\/www.all-in-finance.com\/#website\",\"url\":\"https:\/\/www.all-in-finance.com\/\",\"name\":\"All-In Finanz AG\",\"description\":\"[:en]Eine weitere WordPress-Seite[:fr]Eine weitere WordPress-Seite[:]\",\"potentialAction\":[{\"@type\":\"SearchAction\",\"target\":{\"@type\":\"EntryPoint\",\"urlTemplate\":\"https:\/\/www.all-in-finance.com\/?s={search_term_string}\"},\"query-input\":{\"@type\":\"PropertyValueSpecification\",\"valueRequired\":true,\"valueName\":\"search_term_string\"}}],\"inLanguage\":\"fr-FR\"}]}<\/script>\n<!-- \/ Yoast SEO plugin. -->","yoast_head_json":{"title":"G\u00e9rants de fortune - All-In Finanz AG","description":"Vous cherchez une solution pour continuer \u00e0 accompagner vos clients sans devoir assumer les charges administratives?","robots":{"index":"index","follow":"follow","max-snippet":"max-snippet:-1","max-image-preview":"max-image-preview:large","max-video-preview":"max-video-preview:-1"},"canonical":"https:\/\/www.all-in-finance.com\/fr\/gerants-de-fortune\/","og_locale":"fr_FR","og_type":"article","og_title":"G\u00e9rants de fortune - All-In Finanz AG","og_description":"Vous cherchez une solution pour continuer \u00e0 accompagner vos clients sans devoir assumer les charges administratives?","og_url":"https:\/\/www.all-in-finance.com\/fr\/gerants-de-fortune\/","og_site_name":"All-In Finanz AG","article_modified_time":"2024-02-09T12:57:26+00:00","twitter_card":"summary_large_image","twitter_misc":{"Dur\u00e9e de lecture estim\u00e9e":"2 minutes"},"schema":{"@context":"https:\/\/schema.org","@graph":[{"@type":"WebPage","@id":"https:\/\/www.all-in-finance.com\/fr\/gerants-de-fortune\/","url":"https:\/\/www.all-in-finance.com\/fr\/gerants-de-fortune\/","name":"G\u00e9rants de fortune - All-In Finanz AG","isPartOf":{"@id":"https:\/\/www.all-in-finance.com\/#website"},"datePublished":"2015-04-08T13:28:47+00:00","dateModified":"2024-02-09T12:57:26+00:00","description":"Vous cherchez une solution pour continuer \u00e0 accompagner vos clients sans devoir assumer les charges administratives?","breadcrumb":{"@id":"https:\/\/www.all-in-finance.com\/fr\/gerants-de-fortune\/#breadcrumb"},"inLanguage":"fr-FR","potentialAction":[{"@type":"ReadAction","target":["https:\/\/www.all-in-finance.com\/fr\/gerants-de-fortune\/"]}]},{"@type":"BreadcrumbList","@id":"https:\/\/www.all-in-finance.com\/fr\/gerants-de-fortune\/#breadcrumb","itemListElement":[{"@type":"ListItem","position":1,"name":"Startseite","item":"https:\/\/www.all-in-finance.com\/fr\/"},{"@type":"ListItem","position":2,"name":"G\u00e9rants de fortune"}]},{"@type":"WebSite","@id":"https:\/\/www.all-in-finance.com\/#website","url":"https:\/\/www.all-in-finance.com\/","name":"All-In Finanz AG","description":"[:en]Eine weitere WordPress-Seite[:fr]Eine weitere WordPress-Seite[:]","potentialAction":[{"@type":"SearchAction","target":{"@type":"EntryPoint","urlTemplate":"https:\/\/www.all-in-finance.com\/?s={search_term_string}"},"query-input":{"@type":"PropertyValueSpecification","valueRequired":true,"valueName":"search_term_string"}}],"inLanguage":"fr-FR"}]}},"_links":{"self":[{"href":"https:\/\/www.all-in-finance.com\/fr\/wp-json\/wp\/v2\/pages\/15651","targetHints":{"allow":["GET"]}}],"collection":[{"href":"https:\/\/www.all-in-finance.com\/fr\/wp-json\/wp\/v2\/pages"}],"about":[{"href":"https:\/\/www.all-in-finance.com\/fr\/wp-json\/wp\/v2\/types\/page"}],"author":[{"embeddable":true,"href":"https:\/\/www.all-in-finance.com\/fr\/wp-json\/wp\/v2\/users\/3"}],"replies":[{"embeddable":true,"href":"https:\/\/www.all-in-finance.com\/fr\/wp-json\/wp\/v2\/comments?post=15651"}],"version-history":[{"count":9,"href":"https:\/\/www.all-in-finance.com\/fr\/wp-json\/wp\/v2\/pages\/15651\/revisions"}],"predecessor-version":[{"id":21199,"href":"https:\/\/www.all-in-finance.com\/fr\/wp-json\/wp\/v2\/pages\/15651\/revisions\/21199"}],"wp:attachment":[{"href":"https:\/\/www.all-in-finance.com\/fr\/wp-json\/wp\/v2\/media?parent=15651"}],"curies":[{"name":"wp","href":"https:\/\/api.w.org\/{rel}","templated":true}]}}